{"id":54,"date":"2021-07-04T16:21:35","date_gmt":"2021-07-04T16:21:35","guid":{"rendered":"https:\/\/delgado2.com\/?page_id=54"},"modified":"2023-11-03T01:59:11","modified_gmt":"2023-11-03T01:59:11","slug":"studio","status":"publish","type":"page","link":"https:\/\/delgado2.com\/es\/studio\/","title":{"rendered":"Estudio"},"content":{"rendered":"<div data-elementor-type=\"wp-page\" data-elementor-id=\"54\" class=\"elementor elementor-54\">\n\t\t\t\t\t\t<section class=\"elementor-section elementor-top-section elementor-element elementor-element-e855127 elementor-section-boxed elementor-section-height-default elementor-section-height-default\" data-id=\"e855127\" data-element_type=\"section\" data-e-type=\"section\">\n\t\t\t\t\t\t<div class=\"elementor-container elementor-column-gap-default\">\n\t\t\t\t\t<div class=\"elementor-column elementor-col-100 elementor-top-column elementor-element elementor-element-d87c6f7\" data-id=\"d87c6f7\" data-element_type=\"column\" data-e-type=\"column\">\n\t\t\t<div class=\"elementor-widget-wrap elementor-element-populated\">\n\t\t\t\t\t\t<div class=\"elementor-element elementor-element-00062ce elementor-widget elementor-widget-heading\" data-id=\"00062ce\" data-element_type=\"widget\" data-e-type=\"widget\" data-widget_type=\"heading.default\">\n\t\t\t\t<div class=\"elementor-widget-container\">\n\t\t\t\t\t<h2 class=\"elementor-heading-title elementor-size-default\">French Underground<\/h2>\t\t\t\t<\/div>\n\t\t\t\t<\/div>\n\t\t\t\t<div class=\"elementor-element elementor-element-e3646fa elementor-widget elementor-widget-image\" data-id=\"e3646fa\" data-element_type=\"widget\" data-e-type=\"widget\" data-widget_type=\"image.default\">\n\t\t\t\t<div class=\"elementor-widget-container\">\n\t\t\t\t\t\t\t\t\t\t\t\t\t\t\t<img fetchpriority=\"high\" decoding=\"async\" width=\"780\" height=\"1024\" src=\"https:\/\/i0.wp.com\/delgado2.com\/wp-content\/uploads\/2023\/11\/Mansion-scaled.jpg?fit=780%2C1024&amp;ssl=1\" class=\"attachment-large size-large wp-image-860\" alt=\"Old mansion\" srcset=\"https:\/\/i0.wp.com\/delgado2.com\/wp-content\/uploads\/2023\/11\/Mansion-scaled.jpg?w=1950&amp;ssl=1 1950w, https:\/\/i0.wp.com\/delgado2.com\/wp-content\/uploads\/2023\/11\/Mansion-scaled.jpg?resize=229%2C300&amp;ssl=1 229w, https:\/\/i0.wp.com\/delgado2.com\/wp-content\/uploads\/2023\/11\/Mansion-scaled.jpg?resize=780%2C1024&amp;ssl=1 780w, https:\/\/i0.wp.com\/delgado2.com\/wp-content\/uploads\/2023\/11\/Mansion-scaled.jpg?resize=768%2C1008&amp;ssl=1 768w, https:\/\/i0.wp.com\/delgado2.com\/wp-content\/uploads\/2023\/11\/Mansion-scaled.jpg?resize=1170%2C1536&amp;ssl=1 1170w, https:\/\/i0.wp.com\/delgado2.com\/wp-content\/uploads\/2023\/11\/Mansion-scaled.jpg?resize=1560%2C2048&amp;ssl=1 1560w, https:\/\/i0.wp.com\/delgado2.com\/wp-content\/uploads\/2023\/11\/Mansion-scaled.jpg?resize=600%2C788&amp;ssl=1 600w\" sizes=\"(max-width: 780px) 100vw, 780px\" \/>\t\t\t\t\t\t\t\t\t\t\t\t\t\t\t<\/div>\n\t\t\t\t<\/div>\n\t\t\t\t\t<\/div>\n\t\t<\/div>\n\t\t\t\t\t<\/div>\n\t\t<\/section>\n\t\t\t\t<section class=\"elementor-section elementor-top-section elementor-element elementor-element-fac9b37 elementor-section-boxed elementor-section-height-default elementor-section-height-default\" data-id=\"fac9b37\" data-element_type=\"section\" data-e-type=\"section\">\n\t\t\t\t\t\t<div class=\"elementor-container elementor-column-gap-default\">\n\t\t\t\t\t<div class=\"elementor-column elementor-col-100 elementor-top-column elementor-element elementor-element-cf1f787\" data-id=\"cf1f787\" data-element_type=\"column\" data-e-type=\"column\">\n\t\t\t<div class=\"elementor-widget-wrap elementor-element-populated\">\n\t\t\t\t\t\t<div class=\"elementor-element elementor-element-69caf2e elementor-widget elementor-widget-text-editor\" data-id=\"69caf2e\" data-element_type=\"widget\" data-e-type=\"widget\" data-widget_type=\"text-editor.default\">\n\t\t\t\t<div class=\"elementor-widget-container\">\n\t\t\t\t\t\t\t\t\t<p>Obra de arte de la Mansi\u00f3n de la Guardia de la Marina de Luisiana en proceso de creaci\u00f3n, una de las muchas que vendr\u00e1n con diferentes escenas que representan el nuevo y emocionante libro para ni\u00f1os con un toque franc\u00e9s caj\u00fan que te har\u00e1 viajar a un mundo m\u00e1gico de la historia de Navy Worms.<\/p>\t\t\t\t\t\t\t\t<\/div>\n\t\t\t\t<\/div>\n\t\t\t\t\t<\/div>\n\t\t<\/div>\n\t\t\t\t\t<\/div>\n\t\t<\/section>\n\t\t\t\t<\/div>","protected":false},"excerpt":{"rendered":"<p>French Underground Louisiana Navy worm Guard Mansion artwork in the making, one of the many more to come with different scenes depicting the new exciting children book with a Cajun French touch that will make you travel to a magic world of the Navy Worms story.<\/p>","protected":false},"author":1,"featured_media":0,"parent":0,"menu_order":0,"comment_status":"closed","ping_status":"closed","template":"","meta":{"nf_dc_page":"","site-sidebar-layout":"no-sidebar","site-content-layout":"page-builder","ast-site-content-layout":"default","site-content-style":"default","site-sidebar-style":"default","ast-global-header-display":"","ast-banner-title-visibility":"","ast-main-header-display":"","ast-hfb-above-header-display":"","ast-hfb-below-header-display":"","ast-hfb-mobile-header-display":"","site-post-title":"disabled","ast-breadcrumbs-content":"","ast-featured-img":"disabled","footer-sml-layout":"","ast-disable-related-posts":"","theme-transparent-header-meta":"","adv-header-id-meta":"","stick-header-meta":"","header-above-stick-meta":"","header-main-stick-meta":"","header-below-stick-meta":"","astra-migrate-meta-layouts":"default","ast-page-background-enabled":"default","ast-page-background-meta":{"desktop":{"background-color":"","background-image":"","background-repeat":"repeat","background-position":"center center","background-size":"auto","background-attachment":"scroll","background-type":"","background-media":"","overlay-type":"","overlay-color":"","overlay-opacity":"","overlay-gradient":""},"tablet":{"background-color":"","background-image":"","background-repeat":"repeat","background-position":"center center","background-size":"auto","background-attachment":"scroll","background-type":"","background-media":"","overlay-type":"","overlay-color":"","overlay-opacity":"","overlay-gradient":""},"mobile":{"background-color":"","background-image":"","background-repeat":"repeat","background-position":"center center","background-size":"auto","background-attachment":"scroll","background-type":"","background-media":"","overlay-type":"","overlay-color":"","overlay-opacity":"","overlay-gradient":""}},"ast-content-background-meta":{"desktop":{"background-color":"var(--ast-global-color-5)","background-image":"","background-repeat":"repeat","background-position":"center center","background-size":"auto","background-attachment":"scroll","background-type":"","background-media":"","overlay-type":"","overlay-color":"","overlay-opacity":"","overlay-gradient":""},"tablet":{"background-color":"var(--ast-global-color-5)","background-image":"","background-repeat":"repeat","background-position":"center center","background-size":"auto","background-attachment":"scroll","background-type":"","background-media":"","overlay-type":"","overlay-color":"","overlay-opacity":"","overlay-gradient":""},"mobile":{"background-color":"var(--ast-global-color-5)","background-image":"","background-repeat":"repeat","background-position":"center center","background-size":"auto","background-attachment":"scroll","background-type":"","background-media":"","overlay-type":"","overlay-color":"","overlay-opacity":"","overlay-gradient":""}},"footnotes":""},"class_list":["post-54","page","type-page","status-publish","hentry"],"aioseo_notices":[],"jetpack-related-posts":[],"jetpack_sharing_enabled":true,"rttpg_featured_image_url":null,"rttpg_author":{"display_name":"rdpronaldo","author_link":"https:\/\/delgado2.com\/es\/author\/rdpronaldo\/"},"rttpg_comment":0,"rttpg_category":null,"rttpg_excerpt":"French Underground Louisiana Navy worm Guard Mansion artwork in the making, one of the many more to come with different scenes depicting the new exciting children book with a Cajun French touch that will make you travel to a magic world of the Navy Worms story.","_links":{"self":[{"href":"https:\/\/delgado2.com\/es\/wp-json\/wp\/v2\/pages\/54","targetHints":{"allow":["GET"]}}],"collection":[{"href":"https:\/\/delgado2.com\/es\/wp-json\/wp\/v2\/pages"}],"about":[{"href":"https:\/\/delgado2.com\/es\/wp-json\/wp\/v2\/types\/page"}],"author":[{"embeddable":true,"href":"https:\/\/delgado2.com\/es\/wp-json\/wp\/v2\/users\/1"}],"replies":[{"embeddable":true,"href":"https:\/\/delgado2.com\/es\/wp-json\/wp\/v2\/comments?post=54"}],"version-history":[{"count":5,"href":"https:\/\/delgado2.com\/es\/wp-json\/wp\/v2\/pages\/54\/revisions"}],"predecessor-version":[{"id":863,"href":"https:\/\/delgado2.com\/es\/wp-json\/wp\/v2\/pages\/54\/revisions\/863"}],"wp:attachment":[{"href":"https:\/\/delgado2.com\/es\/wp-json\/wp\/v2\/media?parent=54"}],"curies":[{"name":"wp","href":"https:\/\/api.w.org\/{rel}","templated":true}]}}