{"id":55,"date":"2021-07-04T16:21:35","date_gmt":"2021-07-04T16:21:35","guid":{"rendered":"https:\/\/delgado2.com\/?page_id=55"},"modified":"2023-02-25T00:15:28","modified_gmt":"2023-02-25T00:15:28","slug":"about-us","status":"publish","type":"page","link":"https:\/\/delgado2.com\/es\/about-us\/","title":{"rendered":"A cerca de Nosotros"},"content":{"rendered":"<div data-elementor-type=\"wp-page\" data-elementor-id=\"55\" class=\"elementor elementor-55\">\n\t\t\t\t\t\t<section class=\"elementor-section elementor-top-section elementor-element elementor-element-39c21d9 elementor-section-boxed elementor-section-height-default elementor-section-height-default\" data-id=\"39c21d9\" data-element_type=\"section\" data-e-type=\"section\">\n\t\t\t\t\t\t<div class=\"elementor-container elementor-column-gap-default\">\n\t\t\t\t\t<div class=\"elementor-column elementor-col-50 elementor-top-column elementor-element elementor-element-0e9993f\" data-id=\"0e9993f\" data-element_type=\"column\" data-e-type=\"column\">\n\t\t\t<div class=\"elementor-widget-wrap elementor-element-populated\">\n\t\t\t\t\t\t<div class=\"elementor-element elementor-element-db3b6b1 elementor-widget elementor-widget-image\" data-id=\"db3b6b1\" data-element_type=\"widget\" data-e-type=\"widget\" data-widget_type=\"image.default\">\n\t\t\t\t<div class=\"elementor-widget-container\">\n\t\t\t\t\t\t\t\t\t\t\t\t\t\t\t<img fetchpriority=\"high\" decoding=\"async\" width=\"998\" height=\"1024\" src=\"https:\/\/i0.wp.com\/delgado2.com\/wp-content\/uploads\/2022\/02\/LOGOTIPO.png?fit=998%2C1024&amp;ssl=1\" class=\"attachment-large size-large wp-image-378\" alt=\"Delgados logo\" srcset=\"https:\/\/i0.wp.com\/delgado2.com\/wp-content\/uploads\/2022\/02\/LOGOTIPO.png?w=1992&amp;ssl=1 1992w, https:\/\/i0.wp.com\/delgado2.com\/wp-content\/uploads\/2022\/02\/LOGOTIPO.png?resize=292%2C300&amp;ssl=1 292w, https:\/\/i0.wp.com\/delgado2.com\/wp-content\/uploads\/2022\/02\/LOGOTIPO.png?resize=998%2C1024&amp;ssl=1 998w, https:\/\/i0.wp.com\/delgado2.com\/wp-content\/uploads\/2022\/02\/LOGOTIPO.png?resize=768%2C788&amp;ssl=1 768w, https:\/\/i0.wp.com\/delgado2.com\/wp-content\/uploads\/2022\/02\/LOGOTIPO.png?resize=1497%2C1536&amp;ssl=1 1497w, https:\/\/i0.wp.com\/delgado2.com\/wp-content\/uploads\/2022\/02\/LOGOTIPO.png?resize=600%2C616&amp;ssl=1 600w\" sizes=\"(max-width: 998px) 100vw, 998px\" \/>\t\t\t\t\t\t\t\t\t\t\t\t\t\t\t<\/div>\n\t\t\t\t<\/div>\n\t\t\t\t\t<\/div>\n\t\t<\/div>\n\t\t\t\t<div class=\"elementor-column elementor-col-50 elementor-top-column elementor-element elementor-element-5c4cf6d\" data-id=\"5c4cf6d\" data-element_type=\"column\" data-e-type=\"column\">\n\t\t\t<div class=\"elementor-widget-wrap elementor-element-populated\">\n\t\t\t\t\t\t<div class=\"elementor-element elementor-element-3ddb1b2 elementor-widget elementor-widget-heading\" data-id=\"3ddb1b2\" data-element_type=\"widget\" data-e-type=\"widget\" data-widget_type=\"heading.default\">\n\t\t\t\t<div class=\"elementor-widget-container\">\n\t\t\t\t\t<h1 class=\"elementor-heading-title elementor-size-default\">Somos Arte<\/h1>\t\t\t\t<\/div>\n\t\t\t\t<\/div>\n\t\t\t\t<div class=\"elementor-element elementor-element-16c931c elementor-widget elementor-widget-text-editor\" data-id=\"16c931c\" data-element_type=\"widget\" data-e-type=\"widget\" data-widget_type=\"text-editor.default\">\n\t\t\t\t<div class=\"elementor-widget-container\">\n\t\t\t\t\t\t\t\t\t<p>En Delgado2, creamos un nuevo mundo art\u00edstico que evoluciona a diario y se adapta a un nuevo mundo tecnol\u00f3gico. Creamos lo impensable, abriendo nuevas puertas a la mente creativa. Por eso, creemos que todos merecen la oportunidad de crear nuevas ideas y unirse a nuestro equipo.<br \/>Pasamos de la simplicidad a la innovaci\u00f3n y nuestro objetivo es convertir a Delgado2 en el centro del mundo art\u00edstico y hacerlo accesible para todos de la forma m\u00e1s sencilla, desde productos, servicios, proyectos hasta cualquier cosa que se te ocurra dentro del c\u00edrculo creativo.<\/p>\t\t\t\t\t\t\t\t<\/div>\n\t\t\t\t<\/div>\n\t\t\t\t\t<\/div>\n\t\t<\/div>\n\t\t\t\t\t<\/div>\n\t\t<\/section>\n\t\t\t\t<\/div>","protected":false},"excerpt":{"rendered":"<p>We Art&#8217; At Delgado2 we create a new Art world that keeps evolving daily and adapting in a new technologic world, we create the unthinkable which opens new doors for the creative mind therefore we believe everyone deserves the oportunity to create new ideas and join our team.We go from simplicity to innovation and our [&hellip;]<\/p>\n","protected":false},"author":1,"featured_media":0,"parent":0,"menu_order":0,"comment_status":"closed","ping_status":"closed","template":"","meta":{"nf_dc_page":"","site-sidebar-layout":"no-sidebar","site-content-layout":"page-builder","ast-site-content-layout":"default","site-content-style":"default","site-sidebar-style":"default","ast-global-header-display":"","ast-banner-title-visibility":"","ast-main-header-display":"","ast-hfb-above-header-display":"","ast-hfb-below-header-display":"","ast-hfb-mobile-header-display":"","site-post-title":"disabled","ast-breadcrumbs-content":"","ast-featured-img":"disabled","footer-sml-layout":"","ast-disable-related-posts":"","theme-transparent-header-meta":"","adv-header-id-meta":"","stick-header-meta":"","header-above-stick-meta":"","header-main-stick-meta":"","header-below-stick-meta":"","astra-migrate-meta-layouts":"default","ast-page-background-enabled":"default","ast-page-background-meta":{"desktop":{"background-color":"","background-image":"","background-repeat":"repeat","background-position":"center center","background-size":"auto","background-attachment":"scroll","background-type":"","background-media":"","overlay-type":"","overlay-color":"","overlay-opacity":"","overlay-gradient":""},"tablet":{"background-color":"","background-image":"","background-repeat":"repeat","background-position":"center center","background-size":"auto","background-attachment":"scroll","background-type":"","background-media":"","overlay-type":"","overlay-color":"","overlay-opacity":"","overlay-gradient":""},"mobile":{"background-color":"","background-image":"","background-repeat":"repeat","background-position":"center center","background-size":"auto","background-attachment":"scroll","background-type":"","background-media":"","overlay-type":"","overlay-color":"","overlay-opacity":"","overlay-gradient":""}},"ast-content-background-meta":{"desktop":{"background-color":"var(--ast-global-color-5)","background-image":"","background-repeat":"repeat","background-position":"center center","background-size":"auto","background-attachment":"scroll","background-type":"","background-media":"","overlay-type":"","overlay-color":"","overlay-opacity":"","overlay-gradient":""},"tablet":{"background-color":"var(--ast-global-color-5)","background-image":"","background-repeat":"repeat","background-position":"center center","background-size":"auto","background-attachment":"scroll","background-type":"","background-media":"","overlay-type":"","overlay-color":"","overlay-opacity":"","overlay-gradient":""},"mobile":{"background-color":"var(--ast-global-color-5)","background-image":"","background-repeat":"repeat","background-position":"center center","background-size":"auto","background-attachment":"scroll","background-type":"","background-media":"","overlay-type":"","overlay-color":"","overlay-opacity":"","overlay-gradient":""}},"footnotes":""},"class_list":["post-55","page","type-page","status-publish","hentry"],"aioseo_notices":[],"jetpack-related-posts":[],"jetpack_sharing_enabled":true,"rttpg_featured_image_url":null,"rttpg_author":{"display_name":"rdpronaldo","author_link":"https:\/\/delgado2.com\/es\/author\/rdpronaldo\/"},"rttpg_comment":0,"rttpg_category":null,"rttpg_excerpt":"We Art&#8217; At Delgado2 we create a new Art world that keeps evolving daily and adapting in a new technologic world, we create the unthinkable which opens new doors for the creative mind therefore we believe everyone deserves the oportunity to create new ideas and join our team.We go from simplicity to innovation and our&hellip;","_links":{"self":[{"href":"https:\/\/delgado2.com\/es\/wp-json\/wp\/v2\/pages\/55","targetHints":{"allow":["GET"]}}],"collection":[{"href":"https:\/\/delgado2.com\/es\/wp-json\/wp\/v2\/pages"}],"about":[{"href":"https:\/\/delgado2.com\/es\/wp-json\/wp\/v2\/types\/page"}],"author":[{"embeddable":true,"href":"https:\/\/delgado2.com\/es\/wp-json\/wp\/v2\/users\/1"}],"replies":[{"embeddable":true,"href":"https:\/\/delgado2.com\/es\/wp-json\/wp\/v2\/comments?post=55"}],"version-history":[{"count":5,"href":"https:\/\/delgado2.com\/es\/wp-json\/wp\/v2\/pages\/55\/revisions"}],"predecessor-version":[{"id":806,"href":"https:\/\/delgado2.com\/es\/wp-json\/wp\/v2\/pages\/55\/revisions\/806"}],"wp:attachment":[{"href":"https:\/\/delgado2.com\/es\/wp-json\/wp\/v2\/media?parent=55"}],"curies":[{"name":"wp","href":"https:\/\/api.w.org\/{rel}","templated":true}]}}